{"id":8121,"date":"2019-09-04T09:24:44","date_gmt":"2019-09-04T08:24:44","guid":{"rendered":"https:\/\/pixel-studio.fr\/particuliers\/?page_id=8121"},"modified":"2024-04-04T09:09:49","modified_gmt":"2024-04-04T08:09:49","slug":"mentions-legales","status":"publish","type":"page","link":"https:\/\/pixel-studio.fr\/particuliers\/mentions-legales\/","title":{"rendered":"Mentions l\u00e9gales et politique de confidentialit\u00e9"},"content":{"rendered":"\n<p>Pixel Studio \u2013 3 Bis rue Charles Durand, 18000 Bourges &#8211; Tel: 02.48.02.58.28 &#8211; photographe@pixel-studio.fr<br>N\u00b0Siret: 45278565200028 \u2013 TVA Intracommunautaire: FR08452785652<\/p>\n\n\n\n<p>En respect avec le RGPD (R\u00e8glement g\u00e9n\u00e9ral de protection des donn\u00e9es) europ\u00e9en entr\u00e9 en vigueur le 25 mai 2018, Pixel Studio vous informe sur les donn\u00e9es collect\u00e9es sur son site. La soci\u00e9t\u00e9 vous assure une utilisation dans le respect strict de votre accord, et que vos donn\u00e9es ne seront pas c\u00e9d\u00e9es \u00e0 un tiers. Celles-ci sont stock\u00e9es sur des h\u00e9bergements distants tels que O2Switch ou plateformes en ligne s\u00e9curis\u00e9es telles que PayPal et STRIPE pour vos paiements. Pixel Studio r\u00e9colte des donn\u00e9es personnelles depuis son site internet dans les cas suivants :<\/p>\n\n\n\n<h5 class=\"wp-block-heading\">FORMULAIRE DE CONTACT<\/h5>\n\n\n\n<ul><li>Donn\u00e9es r\u00e9colt\u00e9es&nbsp;: nom &amp; pr\u00e9nom, e-mail, t\u00e9l\u00e9phone<\/li><li>Dans quel but&nbsp;: r\u00e9pondre aux questions des visiteurs, r\u00e9pondre aux demandes formul\u00e9es dans votre demande de contact.<\/li><li>Dur\u00e9e de conservation&nbsp;: 3 ans ou sur simple demande.<\/li><\/ul>\n\n\n\n<h5 class=\"wp-block-heading\">COOKIES<\/h5>\n\n\n\n<p>Les cookies sont des petites quantit\u00e9s de donn\u00e9es qui sont stock\u00e9es  dans des fichiers sur le navigateur Internet de votre ordinateur. Les  cookies sont accessibles et enregistr\u00e9s par les sites internet que vous  consultez et par des soci\u00e9t\u00e9s tierces pour qu\u2019elles puissent reconna\u00eetre  votre navigateur et adapter leurs fonctionnalit\u00e9s qui s\u2019affichent sur  lesdits sites Internet. Pixel Studio a autoris\u00e9 des soci\u00e9t\u00e9s tierces \u00e0 placer  leurs propres cookies dans votre navigateur afin d\u2019am\u00e9liorer les  fonctionnalit\u00e9s de son site web :<\/p>\n\n\n\n<ul><li>Google&nbsp;(Analytics) pour mesurer l\u2019audience du site<\/li><li>YouTube&nbsp;pour le visionnage des vid\u00e9os du studio<\/li><\/ul>\n\n\n\n<p>Pixel Studio vous invite \u00e0 consulter les politiques de protection de la  vie priv\u00e9e de ces soci\u00e9t\u00e9s tierces afin de prendre connaissance des  finalit\u00e9s d\u2019utilisation, notamment publicitaires, des informations de  navigation qu\u2019ils peuvent recueillir. Merci de votre compr\u00e9hension.<\/p>\n\n\n\n<h5 class=\"wp-block-heading\">S\u00c9CURIT\u00c9<\/h5>\n\n\n\n<p>Afin d&rsquo;assurer la protection de vos donn\u00e9es lors de vos \u00e9changes avec Pixel Studio, le site Internet dispose d&rsquo;une connexion HTTPS, qui s\u00e9curise  les \u00e9changes de donn\u00e9es telles que les emails et autres donn\u00e9es  clients. <\/p>\n\n\n\n<h5 class=\"wp-block-heading\">INFORMATIQUE ET LIBERT\u00c9S<\/h5>\n\n\n\n<p>Conform\u00e9ment \u00e0 la loi Informatique et libert\u00e9s du 6 janvier 1978  modifi\u00e9e en 2004, vous b\u00e9n\u00e9ficiez d\u2019un droit d\u2019acc\u00e8s et de rectification  aux informations qui vous concernent. Vous pouvez \u00e9galement, pour des  motifs l\u00e9gitimes, vous opposer au traitement des donn\u00e9es vous  concernant. Pour exercer votre droit de suppression ou modification de  vos donn\u00e9es personnelles, merci de nous contacter&nbsp;:  studio@pixel-studio.fr.<\/p>\n\n\n\n<h5 class=\"wp-block-heading\">HEBERGEUR<\/h5>\n\n\n\n<p>O2Switch &#8211; 222 Boulevard Gustave Flaubert, 63000 Clermont-Ferrand &#8211; 04 44 44 60 40<\/p>\n\n\n\n<h5 class=\"wp-block-heading\">RESPONSABLE DE LA PUBLICATION<\/h5>\n\n\n\n<p>Daniel Lutanie<\/p>\n","protected":false},"excerpt":{"rendered":"<p>Pixel Studio \u2013 3 Bis rue Charles Durand, 18000 Bourges &#8211; Tel: 02.48.02.58.28 &#8211; photographe@pixel-studio.frN\u00b0Siret: 45278565200028 \u2013 TVA Intracommunautaire: FR08452785652 En respect avec le RGPD (R\u00e8glement g\u00e9n\u00e9ral de protection des donn\u00e9es) europ\u00e9en entr\u00e9 en vigueur le 25 mai 2018, Pixel Studio vous informe sur les donn\u00e9es collect\u00e9es sur son site. La soci\u00e9t\u00e9 vous assure une [&hellip;]<\/p>\n","protected":false},"author":2,"featured_media":0,"parent":0,"menu_order":0,"comment_status":"closed","ping_status":"closed","template":"","meta":{"_monsterinsights_skip_tracking":false,"_monsterinsights_sitenote_active":false,"_monsterinsights_sitenote_note":"","_monsterinsights_sitenote_category":0,"footnotes":""},"_links":{"self":[{"href":"https:\/\/pixel-studio.fr\/particuliers\/wp-json\/wp\/v2\/pages\/8121"}],"collection":[{"href":"https:\/\/pixel-studio.fr\/particuliers\/wp-json\/wp\/v2\/pages"}],"about":[{"href":"https:\/\/pixel-studio.fr\/particuliers\/wp-json\/wp\/v2\/types\/page"}],"author":[{"embeddable":true,"href":"https:\/\/pixel-studio.fr\/particuliers\/wp-json\/wp\/v2\/users\/2"}],"replies":[{"embeddable":true,"href":"https:\/\/pixel-studio.fr\/particuliers\/wp-json\/wp\/v2\/comments?post=8121"}],"version-history":[{"count":7,"href":"https:\/\/pixel-studio.fr\/particuliers\/wp-json\/wp\/v2\/pages\/8121\/revisions"}],"predecessor-version":[{"id":8208,"href":"https:\/\/pixel-studio.fr\/particuliers\/wp-json\/wp\/v2\/pages\/8121\/revisions\/8208"}],"wp:attachment":[{"href":"https:\/\/pixel-studio.fr\/particuliers\/wp-json\/wp\/v2\/media?parent=8121"}],"curies":[{"name":"wp","href":"https:\/\/api.w.org\/{rel}","templated":true}]}}